{"id":39,"date":"2025-07-16T13:32:11","date_gmt":"2025-07-16T11:32:11","guid":{"rendered":"https:\/\/honorarkonsul-wp.egpromotion-dev.com\/?page_id=39"},"modified":"2025-07-23T15:26:07","modified_gmt":"2025-07-23T13:26:07","slug":"kontakt","status":"publish","type":"page","link":"https:\/\/honorarkonsul-wp.egpromotion-dev.com\/?page_id=39","title":{"rendered":"Kontakt"},"content":{"rendered":"<p>[et_pb_section fb_built=&#8220;1&#8243; disabled_on=&#8220;off|off|on&#8220; admin_label=&#8220;Contact Form &#038; Info&#8220; _builder_version=&#8220;4.27.4&#8243; _module_preset=&#8220;default&#8220; background_color=&#8220;#006637&#8243; collapsed=&#8220;on&#8220; global_colors_info=&#8220;{}&#8220;][et_pb_row column_structure=&#8220;1_2,1_2&#8243; _builder_version=&#8220;4.27.4&#8243; _module_preset=&#8220;default&#8220; max_width=&#8220;1280px&#8220; global_colors_info=&#8220;{}&#8220;][et_pb_column type=&#8220;1_2&#8243; _builder_version=&#8220;4.25.0&#8243; _module_preset=&#8220;default&#8220; global_colors_info=&#8220;{}&#8220;][et_pb_heading title=&#8220;Kontakt&#8220; _builder_version=&#8220;4.27.4&#8243; _module_preset=&#8220;361d8da5-545f-4363-a472-b332d2f004a9&#8243; title_text_color=&#8220;#FFFFFF&#8220; global_colors_info=&#8220;{}&#8220;][\/et_pb_heading][et_pb_text _builder_version=&#8220;4.27.4&#8243; _module_preset=&#8220;default&#8220; text_text_color=&#8220;#FFFFFF&#8220; global_colors_info=&#8220;{}&#8220;]<\/p>\n<p data-start=\"99\" data-end=\"288\">Das Honorarkonsulat der Republik S\u00fcdafrika f\u00fcr Salzburg steht Ihnen f\u00fcr konsularische Anliegen sowie Fragen zu bilaterischen Beziehungen zwischen S\u00fcdafrika und Salzburg gerne zur Verf\u00fcgung.<\/p>\n<p data-start=\"290\" data-end=\"348\"><strong data-start=\"290\" data-end=\"348\">Termine sind ausschlie\u00dflich nach Vereinbarung m\u00f6glich.<\/strong><\/p>\n<p data-start=\"350\" data-end=\"420\">Bei Anfragen wenden Sie sich bitte per E-Mail oder telefonisch an uns.<\/p>\n<p>[\/et_pb_text][\/et_pb_column][et_pb_column type=&#8220;1_2&#8243; _builder_version=&#8220;4.25.0&#8243; _module_preset=&#8220;default&#8220; global_colors_info=&#8220;{}&#8220;][et_pb_heading title=&#8220;Telefon&#8220; _builder_version=&#8220;4.27.4&#8243; _module_preset=&#8220;eb882ad7-65e5-4e89-ac30-4c2b62018280&#8243; title_text_color=&#8220;rgba(255,255,255,0.7)&#8220; global_colors_info=&#8220;{}&#8220;][\/et_pb_heading][et_pb_heading title=&#8220;+43 676 5622022&#8243; url=&#8220;tel:+43%20676%205622022&#8243; _builder_version=&#8220;4.27.4&#8243; _module_preset=&#8220;28802e94-2e40-4862-b47e-dbfb1f6db2e0&#8243; title_text_color=&#8220;#FFFFFF&#8220; global_colors_info=&#8220;{}&#8220;][\/et_pb_heading][et_pb_heading title=&#8220;Email&#8220; _builder_version=&#8220;4.25.0&#8243; _module_preset=&#8220;eb882ad7-65e5-4e89-ac30-4c2b62018280&#8243; title_text_color=&#8220;rgba(255,255,255,0.7)&#8220; global_colors_info=&#8220;{}&#8220;][\/et_pb_heading][et_pb_text _builder_version=&#8220;4.27.4&#8243; _module_preset=&#8220;default&#8220; link_text_color=&#8220;#FFFFFF&#8220; header_3_font=&#8220;Poppins|500|||||||&#8220; header_3_font_size=&#8220;36px&#8220; header_3_letter_spacing=&#8220;-0.05em&#8220; header_3_line_height=&#8220;1.2em&#8220; header_3_font_size_tablet=&#8220;20px&#8220; header_3_font_size_phone=&#8220;16px&#8220; header_3_font_size_last_edited=&#8220;on|desktop&#8220; locked=&#8220;off&#8220; global_colors_info=&#8220;{%22gcid-a674551e-c023-4666-82b8-b7448e713885%22:%91%22quote_border_color%22,%22quote_border_color%22%93}&#8220; link_text_color__hover_enabled=&#8220;off|hover&#8220; link_text_color__hover=&#8220;#A99883&#8243;]<\/p>\n<h3><a href=\"mailto:hans.mayr@bsa.ag\">hans.mayr@bsa.ag<\/a><\/h3>\n<p>[\/et_pb_text][\/et_pb_column][\/et_pb_row][\/et_pb_section][et_pb_section fb_built=&#8220;1&#8243; _builder_version=&#8220;4.27.4&#8243; _module_preset=&#8220;default&#8220; custom_padding=&#8220;||390px|||&#8220; global_colors_info=&#8220;{}&#8220;][et_pb_row column_structure=&#8220;1_2,1_2&#8243; _builder_version=&#8220;4.27.4&#8243; _module_preset=&#8220;default&#8220; max_width=&#8220;1280px&#8220; global_colors_info=&#8220;{}&#8220;][et_pb_column type=&#8220;1_2&#8243; _builder_version=&#8220;4.27.4&#8243; _module_preset=&#8220;default&#8220; hover_enabled=&#8220;0&#8243; global_colors_info=&#8220;{}&#8220; sticky_enabled=&#8220;0&#8243;][et_pb_heading title=&#8220;Kontakt&#8220; _builder_version=&#8220;4.27.4&#8243; _module_preset=&#8220;361d8da5-545f-4363-a472-b332d2f004a9&#8243; title_text_color=&#8220;#111111&#8243; global_colors_info=&#8220;{}&#8220;][\/et_pb_heading][et_pb_text _builder_version=&#8220;4.27.4&#8243; _module_preset=&#8220;default&#8220; text_text_color=&#8220;#4C4C4C&#8220; global_colors_info=&#8220;{}&#8220;]<\/p>\n<p data-start=\"99\" data-end=\"288\">Das Honorarkonsulat der Republik S\u00fcdafrika f\u00fcr Salzburg steht Ihnen f\u00fcr konsularische Anliegen sowie Fragen zu bilaterischen Beziehungen zwischen S\u00fcdafrika und Salzburg gerne zur Verf\u00fcgung.<\/p>\n<p data-start=\"290\" data-end=\"348\"><strong data-start=\"290\" data-end=\"348\">Termine sind ausschlie\u00dflich nach Vereinbarung m\u00f6glich.<\/strong><\/p>\n<p data-start=\"350\" data-end=\"420\">Bei Anfragen wenden Sie sich bitte per E-Mail oder telefonisch an uns.<\/p>\n<p>[\/et_pb_text][\/et_pb_column][et_pb_column type=&#8220;1_2&#8243; _builder_version=&#8220;4.27.4&#8243; _module_preset=&#8220;default&#8220; global_colors_info=&#8220;{}&#8220;][et_pb_heading title=&#8220;Telefon&#8220; _builder_version=&#8220;4.27.4&#8243; _module_preset=&#8220;eb882ad7-65e5-4e89-ac30-4c2b62018280&#8243; title_text_color=&#8220;#4C4C4C&#8220; hover_enabled=&#8220;0&#8243; global_colors_info=&#8220;{}&#8220; custom_margin=&#8220;100px||10px||false|false&#8220; sticky_enabled=&#8220;0&#8243;][\/et_pb_heading][et_pb_heading title=&#8220;+43 676 5622022&#8243; url=&#8220;tel:+43%20676%205622022&#8243; _builder_version=&#8220;4.27.4&#8243; _module_preset=&#8220;28802e94-2e40-4862-b47e-dbfb1f6db2e0&#8243; title_text_color=&#8220;#111111&#8243; hover_enabled=&#8220;0&#8243; global_colors_info=&#8220;{}&#8220; title_font_size=&#8220;22px&#8220; sticky_enabled=&#8220;0&#8243; custom_margin=&#8220;||6px|||&#8220;][\/et_pb_heading][et_pb_heading title=&#8220;Email&#8220; _builder_version=&#8220;4.27.4&#8243; _module_preset=&#8220;eb882ad7-65e5-4e89-ac30-4c2b62018280&#8243; title_text_color=&#8220;#4C4C4C&#8220; global_colors_info=&#8220;{}&#8220;][\/et_pb_heading][et_pb_text _builder_version=&#8220;4.27.4&#8243; _module_preset=&#8220;default&#8220; text_text_color=&#8220;#4C4C4C&#8220; link_text_color=&#8220;#111111&#8243; header_text_color=&#8220;#4C4C4C&#8220; header_3_font=&#8220;Poppins|500|||||||&#8220; header_3_text_color=&#8220;#4C4C4C&#8220; header_3_letter_spacing=&#8220;-0.05em&#8220; header_3_line_height=&#8220;1.2em&#8220; hover_enabled=&#8220;0&#8243; header_3_font_size_tablet=&#8220;20px&#8220; header_3_font_size_phone=&#8220;16px&#8220; header_3_font_size_last_edited=&#8220;on|desktop&#8220; locked=&#8220;off&#8220; global_colors_info=&#8220;{%22gcid-a674551e-c023-4666-82b8-b7448e713885%22:%91%22quote_border_color%22,%22quote_border_color%22%93}&#8220; link_text_color__hover_enabled=&#8220;off|hover&#8220; link_text_color__hover=&#8220;#A99883&#8243; sticky_enabled=&#8220;0&#8243;]<\/p>\n<h3><a href=\"mailto:hans.mayr@bsa.ag\">hans.mayr@bsa.ag<\/a><\/h3>\n<p>[\/et_pb_text][\/et_pb_column][\/et_pb_row][et_pb_row _builder_version=&#8220;4.27.4&#8243; _module_preset=&#8220;default&#8220; max_width=&#8220;1280px&#8220; global_colors_info=&#8220;{}&#8220;][et_pb_column type=&#8220;4_4&#8243; _builder_version=&#8220;4.27.4&#8243; _module_preset=&#8220;default&#8220; global_colors_info=&#8220;{}&#8220;][et_pb_image src=&#8220;https:\/\/honorarkonsul-wp.egpromotion-dev.com\/wp-content\/uploads\/2025\/07\/konsul-map-finish-v2.jpg&#8220; title_text=&#8220;konsul-map-finish-v2&#8243; url=&#8220;https:\/\/maps.app.goo.gl\/6M4Z2185AovxX3Et5&#8243; url_new_window=&#8220;on&#8220; align=&#8220;center&#8220; force_fullwidth=&#8220;on&#8220; _builder_version=&#8220;4.27.4&#8243; _module_preset=&#8220;default&#8220; global_colors_info=&#8220;{}&#8220;][\/et_pb_image][\/et_pb_column][\/et_pb_row][\/et_pb_section][et_pb_section fb_built=&#8220;1&#8243; admin_label=&#8220;Footer&#8220; _builder_version=&#8220;4.27.4&#8243; _module_preset=&#8220;default&#8220; border_color_all=&#8220;rgba(0,0,0,0.12)&#8220; border_width_top=&#8220;1px&#8220; global_module=&#8220;66&#8243; saved_tabs=&#8220;all&#8220; collapsed=&#8220;on&#8220; global_colors_info=&#8220;{}&#8220;][et_pb_row column_structure=&#8220;1_4,3_4&#8243; use_custom_gutter=&#8220;on&#8220; gutter_width=&#8220;1&#8243; _builder_version=&#8220;4.27.4&#8243; _module_preset=&#8220;default&#8220; global_colors_info=&#8220;{}&#8220;][et_pb_column type=&#8220;1_4&#8243; _builder_version=&#8220;4.25.0&#8243; _module_preset=&#8220;default&#8220; global_colors_info=&#8220;{}&#8220;][et_pb_heading title=&#8220;Email&#8220; _builder_version=&#8220;4.25.0&#8243; _module_preset=&#8220;28b90e7b-f041-4b1d-9c80-b67357a9897e&#8220; global_colors_info=&#8220;{}&#8220;][\/et_pb_heading][\/et_pb_column][et_pb_column type=&#8220;3_4&#8243; _builder_version=&#8220;4.25.0&#8243; _module_preset=&#8220;default&#8220; custom_padding=&#8220;|||20px|false|false&#8220; custom_padding_tablet=&#8220;|||0px|false|false&#8220; custom_padding_phone=&#8220;&#8220; custom_padding_last_edited=&#8220;on|tablet&#8220; global_colors_info=&#8220;{}&#8220;][et_pb_text _builder_version=&#8220;4.27.4&#8243; _module_preset=&#8220;a865369d-d4a5-4129-914e-52e97bab01ad&#8220; link_font=&#8220;||||||||&#8220; link_text_color=&#8220;gcid-cd6f2156-d586-4243-8fcd-6c6750f71687&#8243; global_colors_info=&#8220;{%22gcid-4f906f15-f357-4adc-a41a-207b047510d7%22:%91%22link_text_color__hover%22%93,%22gcid-cd6f2156-d586-4243-8fcd-6c6750f71687%22:%91%22link_text_color%22%93}&#8220; link_text_color__hover_enabled=&#8220;on|desktop&#8220; link_text_color__hover=&#8220;#a99883&#8243;]<\/p>\n<h3><a href=\"mailto:hans.mayr@bsa.ag\">hans.mayr@bsa.ag<\/a><\/h3>\n<p>[\/et_pb_text][\/et_pb_column][\/et_pb_row][et_pb_row column_structure=&#8220;1_4,1_2,1_4&#8243; use_custom_gutter=&#8220;on&#8220; gutter_width=&#8220;1&#8243; _builder_version=&#8220;4.27.4&#8243; _module_preset=&#8220;default&#8220; border_color_all=&#8220;rgba(0,0,0,0.12)&#8220; border_width_top=&#8220;1px&#8220; global_colors_info=&#8220;{}&#8220;][et_pb_column type=&#8220;1_4&#8243; _builder_version=&#8220;4.25.0&#8243; _module_preset=&#8220;default&#8220; global_colors_info=&#8220;{}&#8220;][et_pb_heading title=&#8220;Telefon&#8220; _builder_version=&#8220;4.27.4&#8243; _module_preset=&#8220;28b90e7b-f041-4b1d-9c80-b67357a9897e&#8220; global_colors_info=&#8220;{}&#8220;][\/et_pb_heading][\/et_pb_column][et_pb_column type=&#8220;1_2&#8243; _builder_version=&#8220;4.25.0&#8243; _module_preset=&#8220;default&#8220; custom_padding=&#8220;|20px||20px|false|true&#8220; custom_padding_tablet=&#8220;|0px||0px|false|true&#8220; custom_padding_phone=&#8220;&#8220; custom_padding_last_edited=&#8220;on|tablet&#8220; global_colors_info=&#8220;{}&#8220;][et_pb_heading title=&#8220;+43 676 5622022&#8243; _builder_version=&#8220;4.27.4&#8243; _module_preset=&#8220;814c3165-0274-4527-bc68-c319f09f3ae4&#8243; global_colors_info=&#8220;{}&#8220;][\/et_pb_heading][\/et_pb_column][et_pb_column type=&#8220;1_4&#8243; _builder_version=&#8220;4.25.0&#8243; _module_preset=&#8220;default&#8220; global_colors_info=&#8220;{}&#8220;][et_pb_text _builder_version=&#8220;4.27.4&#8243; _module_preset=&#8220;a865369d-d4a5-4129-914e-52e97bab01ad&#8220; text_orientation=&#8220;right&#8220; text_orientation_tablet=&#8220;left&#8220; text_orientation_phone=&#8220;&#8220; text_orientation_last_edited=&#8220;on|tablet&#8220; global_colors_info=&#8220;{}&#8220;]<\/p>\n<p>Salzburg, \u00d6sterreich<\/p>\n<p>[\/et_pb_text][\/et_pb_column][\/et_pb_row][\/et_pb_section][et_pb_section fb_built=&#8220;1&#8243; _builder_version=&#8220;4.27.4&#8243; _module_preset=&#8220;default&#8220; global_colors_info=&#8220;{}&#8220;][\/et_pb_section]<\/p>\n","protected":false},"excerpt":{"rendered":"<p>Das Honorarkonsulat der Republik S\u00fcdafrika f\u00fcr Salzburg steht Ihnen f\u00fcr konsularische Anliegen sowie Fragen zu bilaterischen Beziehungen zwischen S\u00fcdafrika und Salzburg gerne zur Verf\u00fcgung. Termine sind ausschlie\u00dflich nach Vereinbarung m\u00f6glich. Bei Anfragen wenden Sie sich bitte per E-Mail oder telefonisch an uns.hans.mayr@bsa.agDas Honorarkonsulat der Republik S\u00fcdafrika f\u00fcr Salzburg steht Ihnen f\u00fcr konsularische Anliegen sowie Fragen [&hellip;]<\/p>\n","protected":false},"author":1,"featured_media":0,"parent":0,"menu_order":0,"comment_status":"closed","ping_status":"closed","template":"","meta":{"_et_pb_use_builder":"on","_et_pb_old_content":"","_et_gb_content_width":"","footnotes":""},"class_list":["post-39","page","type-page","status-publish","hentry"],"_links":{"self":[{"href":"https:\/\/honorarkonsul-wp.egpromotion-dev.com\/index.php?rest_route=\/wp\/v2\/pages\/39","targetHints":{"allow":["GET"]}}],"collection":[{"href":"https:\/\/honorarkonsul-wp.egpromotion-dev.com\/index.php?rest_route=\/wp\/v2\/pages"}],"about":[{"href":"https:\/\/honorarkonsul-wp.egpromotion-dev.com\/index.php?rest_route=\/wp\/v2\/types\/page"}],"author":[{"embeddable":true,"href":"https:\/\/honorarkonsul-wp.egpromotion-dev.com\/index.php?rest_route=\/wp\/v2\/users\/1"}],"replies":[{"embeddable":true,"href":"https:\/\/honorarkonsul-wp.egpromotion-dev.com\/index.php?rest_route=%2Fwp%2Fv2%2Fcomments&post=39"}],"version-history":[{"count":12,"href":"https:\/\/honorarkonsul-wp.egpromotion-dev.com\/index.php?rest_route=\/wp\/v2\/pages\/39\/revisions"}],"predecessor-version":[{"id":193,"href":"https:\/\/honorarkonsul-wp.egpromotion-dev.com\/index.php?rest_route=\/wp\/v2\/pages\/39\/revisions\/193"}],"wp:attachment":[{"href":"https:\/\/honorarkonsul-wp.egpromotion-dev.com\/index.php?rest_route=%2Fwp%2Fv2%2Fmedia&parent=39"}],"curies":[{"name":"wp","href":"https:\/\/api.w.org\/{rel}","templated":true}]}}