{"id":16,"date":"2025-07-16T13:00:10","date_gmt":"2025-07-16T11:00:10","guid":{"rendered":"https:\/\/honorarkonsul-wp.egpromotion-dev.com\/?page_id=16"},"modified":"2025-07-23T16:56:15","modified_gmt":"2025-07-23T14:56:15","slug":"home","status":"publish","type":"page","link":"https:\/\/honorarkonsul-wp.egpromotion-dev.com\/?page_id=16","title":{"rendered":"Home"},"content":{"rendered":"<p>[et_pb_section fb_built=&#8220;1&#8243; admin_label=&#8220;Header&#8220; _builder_version=&#8220;4.27.4&#8243; _module_preset=&#8220;default&#8220; background_enable_color=&#8220;off&#8220; background_enable_image=&#8220;off&#8220; collapsed=&#8220;on&#8220; global_colors_info=&#8220;{}&#8220;][et_pb_row _builder_version=&#8220;4.27.4&#8243; _module_preset=&#8220;default&#8220; custom_padding=&#8220;||0px||false|false&#8220; global_colors_info=&#8220;{}&#8220;][et_pb_column type=&#8220;4_4&#8243; _builder_version=&#8220;4.25.0&#8243; _module_preset=&#8220;default&#8220; global_colors_info=&#8220;{}&#8220;][et_pb_heading title=&#8220;WIllkommen beim&#8220; _builder_version=&#8220;4.27.4&#8243; _module_preset=&#8220;af35e3a7-8338-4109-a15c-e0fc0c384cdf&#8220; title_text_color=&#8220;#111111&#8243; global_colors_info=&#8220;{}&#8220;][\/et_pb_heading][\/et_pb_column][\/et_pb_row][et_pb_row column_structure=&#8220;3_4,1_4&#8243; _builder_version=&#8220;4.27.4&#8243; _module_preset=&#8220;default&#8220; global_colors_info=&#8220;{}&#8220;][et_pb_column type=&#8220;3_4&#8243; _builder_version=&#8220;4.25.0&#8243; _module_preset=&#8220;default&#8220; global_colors_info=&#8220;{}&#8220;][et_pb_heading title=&#8220;S\u00fcdafrikanischen Honorarkonsulat in Salzburg&#8220; _builder_version=&#8220;4.27.4&#8243; _module_preset=&#8220;f5de1fef-72a0-439e-b0ff-ed9c86cc46f6&#8243; title_text_color=&#8220;#111111&#8243; title_font_size=&#8220;5vw&#8220; custom_margin=&#8220;||10px||false|false&#8220; title_font_size_tablet=&#8220;8vw&#8220; title_font_size_phone=&#8220;8vw&#8220; title_font_size_last_edited=&#8220;off|desktop&#8220; global_colors_info=&#8220;{}&#8220;][\/et_pb_heading][\/et_pb_column][et_pb_column type=&#8220;1_4&#8243; _builder_version=&#8220;4.25.0&#8243; _module_preset=&#8220;default&#8220; global_colors_info=&#8220;{}&#8220;][et_pb_image src=&#8220;https:\/\/honorarkonsul-wp.egpromotion-dev.com\/wp-content\/uploads\/2025\/07\/konsul-logo.svg&#8220; title_text=&#8220;konsul-logo&#8220; align_last_edited=&#8220;off|tablet&#8220; _builder_version=&#8220;4.27.4&#8243; _module_preset=&#8220;default&#8220; max_width=&#8220;225px&#8220; module_alignment=&#8220;right&#8220; module_alignment_tablet=&#8220;left&#8220; module_alignment_phone=&#8220;left&#8220; module_alignment_last_edited=&#8220;on|phone&#8220; border_radii=&#8220;on|6px|6px|6px|6px&#8220; global_colors_info=&#8220;{}&#8220;][\/et_pb_image][\/et_pb_column][\/et_pb_row][et_pb_row column_structure=&#8220;1_3,2_3&#8243; _builder_version=&#8220;4.27.4&#8243; _module_preset=&#8220;default&#8220; custom_margin=&#8220;30px||||false|false&#8220; border_width_top=&#8220;1px&#8220; border_color_top=&#8220;rgba(255,255,255,0.3)&#8220; global_colors_info=&#8220;{}&#8220;][et_pb_column type=&#8220;1_3&#8243; _builder_version=&#8220;4.25.0&#8243; _module_preset=&#8220;default&#8220; global_colors_info=&#8220;{}&#8220;][et_pb_heading title=&#8220;Kontakt&#8220; _builder_version=&#8220;4.27.4&#8243; _module_preset=&#8220;19cbd9e0-0852-4e8c-a8c7-bfbb7efa465e&#8220; title_text_color=&#8220;#4C4C4C&#8220; custom_margin=&#8220;||10px||false|false&#8220; global_colors_info=&#8220;{}&#8220;][\/et_pb_heading][et_pb_heading title=&#8220;M. hans.mayr@bsa.ag&#8220; url=&#8220;mailto:hans.mayr@bsa.ag&#8220; _builder_version=&#8220;4.27.4&#8243; _module_preset=&#8220;28b90e7b-f041-4b1d-9c80-b67357a9897e&#8220; title_text_color=&#8220;#4C4C4C&#8220; global_colors_info=&#8220;{}&#8220;][\/et_pb_heading][et_pb_heading title=&#8220;T. +43 676 5622022 &#8220; _builder_version=&#8220;4.27.4&#8243; _module_preset=&#8220;28b90e7b-f041-4b1d-9c80-b67357a9897e&#8220; title_text_color=&#8220;#4C4C4C&#8220; global_colors_info=&#8220;{}&#8220;][\/et_pb_heading][\/et_pb_column][et_pb_column type=&#8220;2_3&#8243; _builder_version=&#8220;4.25.0&#8243; _module_preset=&#8220;default&#8220; global_colors_info=&#8220;{}&#8220;][et_pb_heading title=&#8220;Im M\u00e4rz 2025 wurde Hans Mayr, Landesrat und B\u00fcrgermeister a.D., vom Pr\u00e4sidenten S\u00fcdafrikas und dem \u00f6sterreichischen Au\u00dfenministerium zum Honorarkonsul f\u00fcr Salzburg ernannt. Seit Mai 2025 befindet sich das Konsulat in der EAG-Rechtsanwaltskanzlei, Sterneckstra\u00dfe 35, 5020 Salzburg \u2013 als Anlaufstelle f\u00fcr s\u00fcdafrikanische B\u00fcrgerinnen und B\u00fcrger, die in Salzburg leben oder studieren.&#8220; _builder_version=&#8220;4.27.4&#8243; _module_preset=&#8220;b85a6bba-081d-49c4-94ab-8bf29e17d7aa&#8220; title_text_align=&#8220;justify&#8220; title_text_color=&#8220;#4C4C4C&#8220; custom_margin=&#8220;||-2px|||&#8220; global_colors_info=&#8220;{}&#8220;][\/et_pb_heading][\/et_pb_column][\/et_pb_row][\/et_pb_section][et_pb_section fb_built=&#8220;1&#8243; admin_label=&#8220;Header&#8220; _builder_version=&#8220;4.27.4&#8243; _module_preset=&#8220;default&#8220; background_last_edited=&#8220;on|tablet&#8220; use_background_color_gradient_tablet=&#8220;on&#8220; background_color_gradient_direction_tablet=&#8220;180deg&#8220; background_color_gradient_stops_tablet=&#8220;rgba(255,255,255,0) 75%|gcid-a674551e-c023-4666-82b8-b7448e713885 75%&#8220; collapsed=&#8220;on&#8220; global_colors_info=&#8220;{}&#8220;][et_pb_row column_structure=&#8220;1_2,1_2&#8243; make_equal=&#8220;on&#8220; _builder_version=&#8220;4.27.4&#8243; _module_preset=&#8220;default&#8220; global_colors_info=&#8220;{}&#8220;][et_pb_column type=&#8220;1_2&#8243; _builder_version=&#8220;4.25.0&#8243; _module_preset=&#8220;default&#8220; custom_padding=&#8220;|60px|||false|false&#8220; custom_padding_tablet=&#8220;|0px|||false|false&#8220; custom_padding_phone=&#8220;&#8220; custom_padding_last_edited=&#8220;on|desktop&#8220; global_colors_info=&#8220;{}&#8220;][et_pb_heading title=&#8220;Honorarkonsul&#8220; _builder_version=&#8220;4.27.4&#8243; _module_preset=&#8220;d158ac58-809a-464a-ad3e-069b86ef0cc2&#8243; custom_margin=&#8220;||10px||false|false&#8220; locked=&#8220;off&#8220; global_colors_info=&#8220;{}&#8220;][\/et_pb_heading][et_pb_heading title=&#8220;Hans Mayr&#8220; _builder_version=&#8220;4.27.4&#8243; _module_preset=&#8220;888396cb-3042-430d-a574-cd814d318345&#8243; custom_margin=&#8220;||10px||false|false&#8220; locked=&#8220;off&#8220; global_colors_info=&#8220;{}&#8220;][\/et_pb_heading][et_pb_text _builder_version=&#8220;4.27.4&#8243; _module_preset=&#8220;d6123456-62f9-4489-89f6-3c673dec1792&#8243; locked=&#8220;off&#8220; global_colors_info=&#8220;{}&#8220;]<\/p>\n<p>Hans Mayr ist ehemaliger Landesrat und B\u00fcrgermeister. Seit M\u00e4rz 2025 bekleidet er das Amt des Honorarkonsuls der Republik S\u00fcdafrika f\u00fcr Salzburg, bestellt durch den Pr\u00e4sidenten der Republik S\u00fcdafrika und das \u00f6sterreichische Au\u00dfenministerium.<br data-start=\"440\" data-end=\"443\" \/>Sein Fokus liegt auf der F\u00f6rderung bilateraler Beziehungen in den Bereichen Wirtschaft, Kultur und Bildung sowie auf der Unterst\u00fctzung s\u00fcdafrikanischer Staatsb\u00fcrgerinnen und Staatsb\u00fcrger in Salzburg.<\/p>\n<p>[\/et_pb_text][et_pb_button button_text=&#8220;Lebenslauf&#8220; _builder_version=&#8220;4.27.4&#8243; _module_preset=&#8220;498af0e1-058d-44f6-9278-a14ba513f83d&#8220; button_bg_color=&#8220;#006637&#8243; global_colors_info=&#8220;{}&#8220; button_bg_color__hover_enabled=&#8220;on|desktop&#8220; button_bg_color__hover=&#8220;#006637&#8243;][\/et_pb_button][\/et_pb_column][et_pb_column type=&#8220;1_2&#8243; _builder_version=&#8220;4.27.4&#8243; _module_preset=&#8220;default&#8220; custom_padding=&#8220;||||true|false&#8220; custom_padding_tablet=&#8220;0px||0px||true|false&#8220; custom_padding_phone=&#8220;0px||0px||true|false&#8220; custom_padding_last_edited=&#8220;on|desktop&#8220; global_colors_info=&#8220;{}&#8220;][et_pb_image src=&#8220;https:\/\/honorarkonsul-wp.egpromotion-dev.com\/wp-content\/uploads\/2025\/07\/hans-mayr-portrait-scaled-1.jpg&#8220; title_text=&#8220;hans-mayr-portrait-scaled&#8220; align=&#8220;right&#8220; _builder_version=&#8220;4.27.4&#8243; _module_preset=&#8220;default&#8220; width=&#8220;57%&#8220; module_alignment=&#8220;right&#8220; module_alignment_tablet=&#8220;left&#8220; module_alignment_phone=&#8220;left&#8220; module_alignment_last_edited=&#8220;on|tablet&#8220; border_radii=&#8220;on|6px|6px|6px|6px&#8220; global_colors_info=&#8220;{}&#8220;][\/et_pb_image][\/et_pb_column][\/et_pb_row][et_pb_row column_structure=&#8220;1_2,1_2&#8243; make_equal=&#8220;on&#8220; _builder_version=&#8220;4.27.4&#8243; _module_preset=&#8220;default&#8220; global_colors_info=&#8220;{}&#8220;][et_pb_column type=&#8220;1_2&#8243; _builder_version=&#8220;4.25.0&#8243; _module_preset=&#8220;default&#8220; custom_padding=&#8220;|60px|||false|false&#8220; custom_padding_tablet=&#8220;|0px|||false|false&#8220; custom_padding_phone=&#8220;&#8220; custom_padding_last_edited=&#8220;on|desktop&#8220; global_colors_info=&#8220;{}&#8220;][et_pb_heading title=&#8220;Leistungen&#8220; _builder_version=&#8220;4.27.4&#8243; _module_preset=&#8220;d158ac58-809a-464a-ad3e-069b86ef0cc2&#8243; custom_margin=&#8220;||10px||false|false&#8220; locked=&#8220;off&#8220; global_colors_info=&#8220;{}&#8220;][\/et_pb_heading][et_pb_heading title=&#8220;Wir helfen bei&#8220; _builder_version=&#8220;4.27.4&#8243; _module_preset=&#8220;888396cb-3042-430d-a574-cd814d318345&#8243; custom_margin=&#8220;||10px||false|false&#8220; locked=&#8220;off&#8220; global_colors_info=&#8220;{}&#8220;][\/et_pb_heading][et_pb_text _builder_version=&#8220;4.27.4&#8243; _module_preset=&#8220;d6123456-62f9-4489-89f6-3c673dec1792&#8243; locked=&#8220;off&#8220; global_colors_info=&#8220;{}&#8220;]<\/p>\n<p>Das Honorarkonsulat der Republik S\u00fcdafrika in Salzburg unterst\u00fctzt s\u00fcdafrikanische Staatsb\u00fcrgerinnen und Staatsb\u00fcrger bei konsularischen Anliegen wie Passantr\u00e4gen, Dokumentenbeglaubigungen und allgemeinen Fragen zum Aufenthalt.<\/p>\n<p>[\/et_pb_text][et_pb_button button_url=&#8220;@ET-DC@eyJkeW5hbWljIjp0cnVlLCJjb250ZW50IjoicG9zdF9saW5rX3VybF9wYWdlIiwic2V0dGluZ3MiOnsicG9zdF9pZCI6IjM4In19@&#8220; button_text=&#8220;Leistungen&#8220; _builder_version=&#8220;4.27.4&#8243; _dynamic_attributes=&#8220;button_url&#8220; _module_preset=&#8220;498af0e1-058d-44f6-9278-a14ba513f83d&#8220; button_bg_color=&#8220;#006637&#8243; global_colors_info=&#8220;{}&#8220; button_bg_color__hover_enabled=&#8220;on|desktop&#8220; button_bg_color__hover=&#8220;#006637&#8243;][\/et_pb_button][\/et_pb_column][et_pb_column type=&#8220;1_2&#8243; _builder_version=&#8220;4.27.4&#8243; _module_preset=&#8220;default&#8220; custom_padding=&#8220;||||true|false&#8220; custom_padding_tablet=&#8220;0px||0px||true|false&#8220; custom_padding_phone=&#8220;0px||0px||true|false&#8220; custom_padding_last_edited=&#8220;on|desktop&#8220; global_colors_info=&#8220;{}&#8220;][et_pb_image src=&#8220;https:\/\/honorarkonsul-wp.egpromotion-dev.com\/wp-content\/uploads\/2025\/07\/konsul-flag.jpg&#8220; title_text=&#8220;konsul-flag&#8220; align=&#8220;right&#8220; _builder_version=&#8220;4.27.4&#8243; _module_preset=&#8220;default&#8220; width=&#8220;57%&#8220; module_alignment=&#8220;right&#8220; hover_enabled=&#8220;0&#8243; module_alignment_tablet=&#8220;left&#8220; module_alignment_phone=&#8220;left&#8220; module_alignment_last_edited=&#8220;on|tablet&#8220; border_radii=&#8220;on|6px|6px|6px|6px&#8220; global_colors_info=&#8220;{}&#8220; sticky_enabled=&#8220;0&#8243;][\/et_pb_image][\/et_pb_column][\/et_pb_row][et_pb_row column_structure=&#8220;1_2,1_2&#8243; make_equal=&#8220;on&#8220; _builder_version=&#8220;4.27.4&#8243; _module_preset=&#8220;default&#8220; global_colors_info=&#8220;{}&#8220;][et_pb_column type=&#8220;1_2&#8243; _builder_version=&#8220;4.25.0&#8243; _module_preset=&#8220;default&#8220; custom_padding=&#8220;|60px|||false|false&#8220; custom_padding_tablet=&#8220;|0px|||false|false&#8220; custom_padding_phone=&#8220;&#8220; custom_padding_last_edited=&#8220;on|desktop&#8220; global_colors_info=&#8220;{}&#8220;][et_pb_heading title=&#8220;Bilaterale Beziehungen&#8220; _builder_version=&#8220;4.27.4&#8243; _module_preset=&#8220;d158ac58-809a-464a-ad3e-069b86ef0cc2&#8243; custom_margin=&#8220;||10px||false|false&#8220; locked=&#8220;off&#8220; global_colors_info=&#8220;{}&#8220;][\/et_pb_heading][et_pb_heading title=&#8220;Br\u00fccken bauen zwischen S\u00fcdafrika und \u00d6sterreich&#8220; _builder_version=&#8220;4.27.4&#8243; _module_preset=&#8220;888396cb-3042-430d-a574-cd814d318345&#8243; custom_margin=&#8220;||10px||false|false&#8220; locked=&#8220;off&#8220; global_colors_info=&#8220;{}&#8220;][\/et_pb_heading][et_pb_text _builder_version=&#8220;4.27.4&#8243; _module_preset=&#8220;d6123456-62f9-4489-89f6-3c673dec1792&#8243; locked=&#8220;off&#8220; global_colors_info=&#8220;{}&#8220;]<\/p>\n<p data-start=\"202\" data-end=\"515\">Das Honorarkonsulat f\u00f6rdert den Austausch und die Zusammenarbeit zwischen S\u00fcdafrika und \u00d6sterreich in den Bereichen Wirtschaft, Bildung, Kultur und Tourismus.<br data-start=\"360\" data-end=\"363\" \/>Durch Netzwerke, Veranstaltungen und pers\u00f6nliche Kontakte setzen wir uns f\u00fcr nachhaltige Partnerschaften und ein besseres gegenseitiges Verst\u00e4ndnis ein.<\/p>\n<p>[\/et_pb_text][et_pb_button button_url=&#8220;@ET-DC@eyJkeW5hbWljIjp0cnVlLCJjb250ZW50IjoicG9zdF9saW5rX3VybF9wYWdlIiwic2V0dGluZ3MiOnsicG9zdF9pZCI6IjEwOSJ9fQ==@&#8220; button_text=&#8220;Bilaterale Beziehungen&#8220; _builder_version=&#8220;4.27.4&#8243; _dynamic_attributes=&#8220;button_url&#8220; _module_preset=&#8220;498af0e1-058d-44f6-9278-a14ba513f83d&#8220; button_bg_color=&#8220;#006637&#8243; global_colors_info=&#8220;{}&#8220; button_bg_color__hover_enabled=&#8220;on|desktop&#8220; button_bg_color__hover=&#8220;#006637&#8243;][\/et_pb_button][\/et_pb_column][et_pb_column type=&#8220;1_2&#8243; _builder_version=&#8220;4.27.4&#8243; _module_preset=&#8220;default&#8220; custom_padding=&#8220;||||true|false&#8220; custom_padding_tablet=&#8220;0px||0px||true|false&#8220; custom_padding_phone=&#8220;0px||0px||true|false&#8220; custom_padding_last_edited=&#8220;on|desktop&#8220; global_colors_info=&#8220;{}&#8220;][et_pb_image src=&#8220;https:\/\/honorarkonsul-wp.egpromotion-dev.com\/wp-content\/uploads\/2025\/07\/konsul-map2.jpg&#8220; title_text=&#8220;konsul-map2&#8243; align=&#8220;right&#8220; _builder_version=&#8220;4.27.4&#8243; _module_preset=&#8220;default&#8220; width=&#8220;57%&#8220; module_alignment=&#8220;right&#8220; custom_margin=&#8220;25px||||false|false&#8220; module_alignment_tablet=&#8220;left&#8220; module_alignment_phone=&#8220;left&#8220; module_alignment_last_edited=&#8220;on|tablet&#8220; border_radii=&#8220;on|6px|6px|6px|6px&#8220; global_colors_info=&#8220;{}&#8220;][\/et_pb_image][\/et_pb_column][\/et_pb_row][\/et_pb_section][et_pb_section fb_built=&#8220;1&#8243; admin_label=&#8220;Footer&#8220; _builder_version=&#8220;4.27.4&#8243; _module_preset=&#8220;default&#8220; border_color_all=&#8220;rgba(0,0,0,0.12)&#8220; border_width_top=&#8220;1px&#8220; global_module=&#8220;66&#8243; saved_tabs=&#8220;all&#8220; collapsed=&#8220;on&#8220; global_colors_info=&#8220;{}&#8220;][et_pb_row column_structure=&#8220;1_4,3_4&#8243; use_custom_gutter=&#8220;on&#8220; gutter_width=&#8220;1&#8243; _builder_version=&#8220;4.27.4&#8243; _module_preset=&#8220;default&#8220; global_colors_info=&#8220;{}&#8220;][et_pb_column type=&#8220;1_4&#8243; _builder_version=&#8220;4.25.0&#8243; _module_preset=&#8220;default&#8220; global_colors_info=&#8220;{}&#8220;][et_pb_heading title=&#8220;Email&#8220; _builder_version=&#8220;4.25.0&#8243; _module_preset=&#8220;28b90e7b-f041-4b1d-9c80-b67357a9897e&#8220; global_colors_info=&#8220;{}&#8220;][\/et_pb_heading][\/et_pb_column][et_pb_column type=&#8220;3_4&#8243; _builder_version=&#8220;4.25.0&#8243; _module_preset=&#8220;default&#8220; custom_padding=&#8220;|||20px|false|false&#8220; custom_padding_tablet=&#8220;|||0px|false|false&#8220; custom_padding_phone=&#8220;&#8220; custom_padding_last_edited=&#8220;on|tablet&#8220; global_colors_info=&#8220;{}&#8220;][et_pb_text _builder_version=&#8220;4.27.4&#8243; _module_preset=&#8220;a865369d-d4a5-4129-914e-52e97bab01ad&#8220; link_font=&#8220;||||||||&#8220; link_text_color=&#8220;gcid-cd6f2156-d586-4243-8fcd-6c6750f71687&#8243; global_colors_info=&#8220;{%22gcid-4f906f15-f357-4adc-a41a-207b047510d7%22:%91%22link_text_color__hover%22%93,%22gcid-cd6f2156-d586-4243-8fcd-6c6750f71687%22:%91%22link_text_color%22%93}&#8220; link_text_color__hover_enabled=&#8220;on|desktop&#8220; link_text_color__hover=&#8220;#a99883&#8243;]<\/p>\n<h3><a href=\"mailto:hans.mayr@bsa.ag\">hans.mayr@bsa.ag<\/a><\/h3>\n<p>[\/et_pb_text][\/et_pb_column][\/et_pb_row][et_pb_row column_structure=&#8220;1_4,1_2,1_4&#8243; use_custom_gutter=&#8220;on&#8220; gutter_width=&#8220;1&#8243; _builder_version=&#8220;4.27.4&#8243; _module_preset=&#8220;default&#8220; border_color_all=&#8220;rgba(0,0,0,0.12)&#8220; border_width_top=&#8220;1px&#8220; global_colors_info=&#8220;{}&#8220;][et_pb_column type=&#8220;1_4&#8243; _builder_version=&#8220;4.25.0&#8243; _module_preset=&#8220;default&#8220; global_colors_info=&#8220;{}&#8220;][et_pb_heading title=&#8220;Telefon&#8220; _builder_version=&#8220;4.27.4&#8243; _module_preset=&#8220;28b90e7b-f041-4b1d-9c80-b67357a9897e&#8220; global_colors_info=&#8220;{}&#8220;][\/et_pb_heading][\/et_pb_column][et_pb_column type=&#8220;1_2&#8243; _builder_version=&#8220;4.25.0&#8243; _module_preset=&#8220;default&#8220; custom_padding=&#8220;|20px||20px|false|true&#8220; custom_padding_tablet=&#8220;|0px||0px|false|true&#8220; custom_padding_phone=&#8220;&#8220; custom_padding_last_edited=&#8220;on|tablet&#8220; global_colors_info=&#8220;{}&#8220;][et_pb_heading title=&#8220;+43 676 5622022&#8243; _builder_version=&#8220;4.27.4&#8243; _module_preset=&#8220;814c3165-0274-4527-bc68-c319f09f3ae4&#8243; global_colors_info=&#8220;{}&#8220;][\/et_pb_heading][\/et_pb_column][et_pb_column type=&#8220;1_4&#8243; _builder_version=&#8220;4.25.0&#8243; _module_preset=&#8220;default&#8220; global_colors_info=&#8220;{}&#8220;][et_pb_text _builder_version=&#8220;4.27.4&#8243; _module_preset=&#8220;a865369d-d4a5-4129-914e-52e97bab01ad&#8220; text_orientation=&#8220;right&#8220; text_orientation_tablet=&#8220;left&#8220; text_orientation_phone=&#8220;&#8220; text_orientation_last_edited=&#8220;on|tablet&#8220; global_colors_info=&#8220;{}&#8220;]<\/p>\n<p>Salzburg, \u00d6sterreich<\/p>\n<p>[\/et_pb_text][\/et_pb_column][\/et_pb_row][\/et_pb_section]<\/p>\n","protected":false},"excerpt":{"rendered":"<p>Hans Mayr ist ehemaliger Landesrat und B\u00fcrgermeister. Seit M\u00e4rz 2025 bekleidet er das Amt des Honorarkonsuls der Republik S\u00fcdafrika f\u00fcr Salzburg, bestellt durch den Pr\u00e4sidenten der Republik S\u00fcdafrika und das \u00f6sterreichische Au\u00dfenministerium.Sein Fokus liegt auf der F\u00f6rderung bilateraler Beziehungen in den Bereichen Wirtschaft, Kultur und Bildung sowie auf der Unterst\u00fctzung s\u00fcdafrikanischer Staatsb\u00fcrgerinnen und Staatsb\u00fcrger in [&hellip;]<\/p>\n","protected":false},"author":1,"featured_media":0,"parent":0,"menu_order":0,"comment_status":"closed","ping_status":"closed","template":"","meta":{"_et_pb_use_builder":"on","_et_pb_old_content":"<!-- wp:divi\/placeholder \/-->","_et_gb_content_width":"","footnotes":""},"class_list":["post-16","page","type-page","status-publish","hentry"],"_links":{"self":[{"href":"https:\/\/honorarkonsul-wp.egpromotion-dev.com\/index.php?rest_route=\/wp\/v2\/pages\/16","targetHints":{"allow":["GET"]}}],"collection":[{"href":"https:\/\/honorarkonsul-wp.egpromotion-dev.com\/index.php?rest_route=\/wp\/v2\/pages"}],"about":[{"href":"https:\/\/honorarkonsul-wp.egpromotion-dev.com\/index.php?rest_route=\/wp\/v2\/types\/page"}],"author":[{"embeddable":true,"href":"https:\/\/honorarkonsul-wp.egpromotion-dev.com\/index.php?rest_route=\/wp\/v2\/users\/1"}],"replies":[{"embeddable":true,"href":"https:\/\/honorarkonsul-wp.egpromotion-dev.com\/index.php?rest_route=%2Fwp%2Fv2%2Fcomments&post=16"}],"version-history":[{"count":22,"href":"https:\/\/honorarkonsul-wp.egpromotion-dev.com\/index.php?rest_route=\/wp\/v2\/pages\/16\/revisions"}],"predecessor-version":[{"id":200,"href":"https:\/\/honorarkonsul-wp.egpromotion-dev.com\/index.php?rest_route=\/wp\/v2\/pages\/16\/revisions\/200"}],"wp:attachment":[{"href":"https:\/\/honorarkonsul-wp.egpromotion-dev.com\/index.php?rest_route=%2Fwp%2Fv2%2Fmedia&parent=16"}],"curies":[{"name":"wp","href":"https:\/\/api.w.org\/{rel}","templated":true}]}}